{"id":5674224,"date":"2018-06-04T11:38:16","date_gmt":"2018-06-04T11:38:16","guid":{"rendered":"https:\/\/escorpiaointeriores.com\/carrito\/"},"modified":"2018-06-04T15:59:53","modified_gmt":"2018-06-04T15:59:53","slug":"carrito","status":"publish","type":"page","link":"https:\/\/escorpiaointeriores.com\/es\/carrito\/","title":{"rendered":"Carrito"},"content":{"rendered":"<div class=\"wpb-content-wrapper\">\n[vc_row full_width=&#8221;stretch_row&#8221; side_background_title_alignment=&#8221;right&#8221; css=&#8221;.vc_custom_1524757083121{background-color: #f7f7f7 !important;}&#8221; side_background_title_typo=&#8221;font_size~80||letter_spacing~-1||weight~600&#8243; side_background_title_color=&#8221;#f7f7f7&#8243;][vc_column][vc_empty_space height=&#8221;60px&#8221;][vc_row_inner][vc_column_inner width=&#8221;1\/4&#8243;]<div class=\"norebro-icon-box-sc icon-box text-center\" \n\tid=\"norebro-custom-69e2112a9392e\" \n\t \n\t>\n\n\t<div class=\"icon-wrap\">\n\t\t\t\t\t<img decoding=\"async\" src=\"https:\/\/escorpiaointeriores.com\/wp-content\/uploads\/2018\/04\/escorpiaointeriores-entregas-24-horas.png\" alt=\"Entregas desde 24 horas\">\n\t\t\t<\/div>\n\n\t<div class=\"content-wrap\">\n\n\t\t<div class=\"content-center with-full\">\n\t\t\t<div class=\"wrap\">\n\t\t\t\t<h3>Entregas desde 24 horas<\/h3>\n\t\t\t\t\t\t\t<\/div>\n\t\t<\/div>\n\t\t\n\t\t\t<\/div>\n\t\t\n\t\t<p class=\"description content-full\">\n\t\t\tPara Portugal Continental\t\t<\/p>\n\n\t\t\n\t\t\n<\/div>[vc_empty_space height=&#8221;20px&#8221;][\/vc_column_inner][vc_column_inner width=&#8221;1\/4&#8243;]<div class=\"norebro-icon-box-sc icon-box text-center\" \n\tid=\"norebro-custom-69e2112a93d78\" \n\t \n\t>\n\n\t<div class=\"icon-wrap\">\n\t\t\t\t\t<img decoding=\"async\" src=\"https:\/\/escorpiaointeriores.com\/wp-content\/uploads\/2018\/04\/escorpiaointeriores-pagamentos.png\" alt=\"M\u00e9todos de Pagamento\">\n\t\t\t<\/div>\n\n\t<div class=\"content-wrap\">\n\n\t\t<div class=\"content-center with-full\">\n\t\t\t<div class=\"wrap\">\n\t\t\t\t<h3>M\u00e9todos de Pagamento<\/h3>\n\t\t\t\t\t\t\t<\/div>\n\t\t<\/div>\n\t\t\n\t\t\t<\/div>\n\t\t\n\t\t<p class=\"description content-full\">\n\t\t\tTransfer\u00eancia Banc\u00e1ria e Refer\u00eancias Multibanco\t\t<\/p>\n\n\t\t\n\t\t\n<\/div>[vc_empty_space height=&#8221;20px&#8221;][\/vc_column_inner][vc_column_inner width=&#8221;1\/4&#8243;]<div class=\"norebro-icon-box-sc icon-box text-center\" \n\tid=\"norebro-custom-69e2112a93fd8\" \n\t \n\t>\n\n\t<div class=\"icon-wrap\">\n\t\t\t\t\t<img decoding=\"async\" src=\"https:\/\/escorpiaointeriores.com\/wp-content\/uploads\/2018\/04\/escorpiaointeriores-portes-gratis.png\" alt=\"Portes de Envio Gr\u00e1tis\">\n\t\t\t<\/div>\n\n\t<div class=\"content-wrap\">\n\n\t\t<div class=\"content-center with-full\">\n\t\t\t<div class=\"wrap\">\n\t\t\t\t<h3>Portes de Envio Gr\u00e1tis<\/h3>\n\t\t\t\t\t\t\t<\/div>\n\t\t<\/div>\n\t\t\n\t\t\t<\/div>\n\t\t\n\t\t<p class=\"description content-full\">\n\t\t\tZona do Porto e Minho, em compras superiores a 500\u20ac\t\t<\/p>\n\n\t\t\n\t\t\n<\/div>[vc_empty_space height=&#8221;20px&#8221;][\/vc_column_inner][vc_column_inner width=&#8221;1\/4&#8243;]<div class=\"norebro-icon-box-sc icon-box text-center\" \n\tid=\"norebro-custom-69e2112a9420e\" \n\t \n\t>\n\n\t<div class=\"icon-wrap\">\n\t\t\t\t\t<img decoding=\"async\" src=\"https:\/\/escorpiaointeriores.com\/wp-content\/uploads\/2018\/04\/escorpiaointeriores-servico-personalisado.png\" alt=\"Servi\u00e7o ao Cliente\">\n\t\t\t<\/div>\n\n\t<div class=\"content-wrap\">\n\n\t\t<div class=\"content-center with-full\">\n\t\t\t<div class=\"wrap\">\n\t\t\t\t<h3>Servi\u00e7o ao Cliente<\/h3>\n\t\t\t\t\t\t\t<\/div>\n\t\t<\/div>\n\t\t\n\t\t\t<\/div>\n\t\t\n\t\t<p class=\"description content-full\">\n\t\t\tAtendimento personalizado, e servi\u00e7o de decora\u00e7\u00e3o ao domic\u00edlio sem custos.\t\t<\/p>\n\n\t\t\n\t\t\n<\/div>[vc_empty_space height=&#8221;20px&#8221;][\/vc_column_inner][\/vc_row_inner][vc_empty_space height=&#8221;30px&#8221;][\/vc_column][\/vc_row]\n<\/div>","protected":false},"excerpt":{"rendered":"<p>[vc_row full_width=&#8221;stretch_row&#8221; side_background_title_alignment=&#8221;right&#8221; css=&#8221;.vc_custom_1524757083121{background-color: #f7f7f7 !important;}&#8221; side_background_title_typo=&#8221;font_size~80||letter_spacing~-1||weight~600&#8243; side_background_title_color=&#8221;#f7f7f7&#8243;][vc_column][vc_empty_space height=&#8221;60px&#8221;][vc_row_inner][vc_column_inner width=&#8221;1\/4&#8243;][vc_empty_space height=&#8221;20px&#8221;][\/vc_column_inner][vc_column_inner width=&#8221;1\/4&#8243;][vc_empty_space height=&#8221;20px&#8221;][\/vc_column_inner][vc_column_inner width=&#8221;1\/4&#8243;][vc_empty_space&#8230;<\/p>\n","protected":false},"author":1,"featured_media":0,"parent":0,"menu_order":25,"comment_status":"closed","ping_status":"closed","template":"","meta":{"_acf_changed":false,"footnotes":""},"class_list":["post-5674224","page","type-page","status-publish","hentry"],"acf":[],"_links":{"self":[{"href":"https:\/\/escorpiaointeriores.com\/es\/wp-json\/wp\/v2\/pages\/5674224","targetHints":{"allow":["GET"]}}],"collection":[{"href":"https:\/\/escorpiaointeriores.com\/es\/wp-json\/wp\/v2\/pages"}],"about":[{"href":"https:\/\/escorpiaointeriores.com\/es\/wp-json\/wp\/v2\/types\/page"}],"author":[{"embeddable":true,"href":"https:\/\/escorpiaointeriores.com\/es\/wp-json\/wp\/v2\/users\/1"}],"replies":[{"embeddable":true,"href":"https:\/\/escorpiaointeriores.com\/es\/wp-json\/wp\/v2\/comments?post=5674224"}],"version-history":[{"count":2,"href":"https:\/\/escorpiaointeriores.com\/es\/wp-json\/wp\/v2\/pages\/5674224\/revisions"}],"predecessor-version":[{"id":5674317,"href":"https:\/\/escorpiaointeriores.com\/es\/wp-json\/wp\/v2\/pages\/5674224\/revisions\/5674317"}],"wp:attachment":[{"href":"https:\/\/escorpiaointeriores.com\/es\/wp-json\/wp\/v2\/media?parent=5674224"}],"curies":[{"name":"wp","href":"https:\/\/api.w.org\/{rel}","templated":true}]}}