{"id":5674333,"date":"2018-06-04T17:24:29","date_gmt":"2018-06-04T17:24:29","guid":{"rendered":"https:\/\/escorpiaointeriores.com\/?page_id=5674333"},"modified":"2018-06-04T17:36:08","modified_gmt":"2018-06-04T17:36:08","slug":"empresa","status":"publish","type":"page","link":"https:\/\/escorpiaointeriores.com\/es\/empresa\/","title":{"rendered":"Empresa"},"content":{"rendered":"<div class=\"wpb-content-wrapper\">[vc_row full_width=&#8221;stretch_row&#8221; css=&#8221;.vc_custom_1524753868565{background-color: #ffffff !important;}&#8221; side_background_title_typo=&#8221;weight~inherit&#8221;][vc_column el_class=&#8221;empty-space-100&#8243; offset=&#8221;vc_hidden-xs&#8221;][vc_empty_space height=&#8221;100px&#8221;][\/vc_column][\/vc_row][vc_row full_width=&#8221;stretch_row&#8221; content_placement=&#8221;middle&#8221; css=&#8221;.vc_custom_1524754192508{background-color: #ffffff !important;}&#8221;][vc_column width=&#8221;1\/2&#8243; css=&#8221;.vc_custom_1524744594732{padding-top: 55px !important;padding-right: 60px !important;padding-bottom: 55px !important;padding-left: 60px !important;background-color: #f8f8f8 !important;}&#8221; el_class=&#8221;creative-info nor-top-layer&#8221;]<div class=\"norebro-heading-sc heading text-left\"\n\tid=\"norebro-custom-69e733c51aaab\" \n\t \n\t>\n\t\n\t\t\t<p class=\"subtitle\">\n\t\t\tDesde 1997 siempre listos a responder a las m\u00e1s exigentes solicitudes.\t\t<\/p>\n\t\n\t\n\t<h3 class=\"title subtitle-top\">\n\t\tFabricaci\u00f3n y comercio de mobiliario y tapicer\u00eda\t<\/h3>\n\n\t\n\t\t\n<\/div>[vc_empty_space height=&#8221;10px&#8221;]<div class=\"norebro-text-sc \" \n\tid=\"norebro-custom-69e733c51adf3\" \n\t \n\t>\n\n\t<p>Fabricamos y comercializamos mobiliario con alto nivel de construcci\u00f3n y acabamientos.<\/p>\n<p>Hacemos todo tipo de servicios de remodelaci\u00f3n de interiores en Portugal o en el extranjero.<\/p>\n<p>Buscamos siempre las mejores soluciones para componer, equilibrar y optimizar su espacio.<\/p>\n\t\n<\/div>[vc_empty_space height=&#8221;25px&#8221;][\/vc_column][vc_column width=&#8221;1\/2&#8243;][vc_single_image image=&#8221;5673218&#8243; img_size=&#8221;full&#8221;][\/vc_column][\/vc_row][vc_row full_width=&#8221;stretch_row&#8221; css=&#8221;.vc_custom_1524753868565{background-color: #ffffff !important;}&#8221; side_background_title_typo=&#8221;weight~inherit&#8221;][vc_column][vc_empty_space height=&#8221;100px&#8221;][\/vc_column][\/vc_row][vc_row full_width=&#8221;stretch_row&#8221; content_placement=&#8221;middle&#8221; css=&#8221;.vc_custom_1524755616277{background-color: #ffffff !important;}&#8221;][vc_column width=&#8221;5\/12&#8243; css=&#8221;.vc_custom_1524757137121{padding-top: 55px !important;padding-right: 60px !important;padding-bottom: 55px !important;padding-left: 60px !important;background-color: #f9f9f9 !important;}&#8221; el_class=&#8221;creative-info nor-top-layer&#8221;]<div class=\"norebro-heading-sc heading text-left\"\n\tid=\"norebro-custom-69e733c51af71\" \n\t \n\t>\n\t\n\t\t\t<p class=\"subtitle\">\n\t\t\tTrabajamos con pasi\u00f3n\t\t<\/p>\n\t\n\t\n\t<h3 class=\"title subtitle-top\">\n\t\tSomos un equipo de profesionales\t<\/h3>\n\n\t\n\t\t\n<\/div>[vc_empty_space height=&#8221;15px&#8221;]<div class=\"norebro-text-sc \" \n\tid=\"norebro-custom-69e733c51b015\" \n\t \n\t>\n\n\t<p>Escogimos las mejores materias primas para con nuestro equipo de artesanos, que se caracteriza por la habilidad portuguesa, dar vida a sus sue\u00f1os.<\/p>\n<p>Contamos con las \u00faltimas tecnolog\u00edas, sofisticadas m\u00e1quinas de confecci\u00f3n, y tambi\u00e9n con eficientes socios comerciales que siguen nuestras exigencias y las exigencias de nuestros clientes.<\/p>\n\t\n<\/div>[vc_empty_space height=&#8221;35px&#8221;]<div class=\"norebro-button-sc btn-wrap text-left\" \n\tid=\"norebro-custom-69e733c51b0de\"\n\t \n\t>\n\n\t<a href=\"https:\/\/escorpiaointeriores.com\/es\/contactos\/\" \n\t\tclass=\"btn \">\n\n\t\t\t\t\t<span class=\"icon ion-left ion-android-arrow-forward\"><\/span>\n\t\t\n\t\t\n\t\t<span class=\"text\">\n\t\t\tCont\u00e1ctenos\t\t<\/span>\n\n\t\t\n\t\t\n\t\t\t<\/a>\n\n<\/div>[\/vc_column][vc_column width=&#8221;3\/12&#8243; el_class=&#8221;creative-decoration&#8221;][vc_single_image image=&#8221;5673155&#8243; img_size=&#8221;full&#8221;][\/vc_column][vc_column width=&#8221;4\/12&#8243;][vc_single_image image=&#8221;5673216&#8243; img_size=&#8221;full&#8221;][\/vc_column][\/vc_row][vc_row full_width=&#8221;stretch_row&#8221; css=&#8221;.vc_custom_1524755624315{background-color: #ffffff !important;}&#8221; side_background_title_typo=&#8221;weight~inherit&#8221;][vc_column][vc_empty_space height=&#8221;100px&#8221;][\/vc_column][\/vc_row][vc_row full_width=&#8221;stretch_row&#8221; side_background_title_alignment=&#8221;right&#8221; css=&#8221;.vc_custom_1524757083121{background-color: #f7f7f7 !important;}&#8221; side_background_title_typo=&#8221;font_size~80||letter_spacing~-1||weight~600&#8243; side_background_title_color=&#8221;#f7f7f7&#8243;][vc_column][vc_empty_space height=&#8221;60px&#8221;][vc_row_inner][vc_column_inner width=&#8221;1\/4&#8243;]<div class=\"norebro-icon-box-sc icon-box text-center\" \n\tid=\"norebro-custom-69e733c51b65c\" \n\t \n\t>\n\n\t<div class=\"icon-wrap\">\n\t\t\t\t\t<img decoding=\"async\" src=\"https:\/\/escorpiaointeriores.com\/wp-content\/uploads\/2018\/04\/escorpiaointeriores-entregas-24-horas.png\" alt=\"Entregas de 24 horas\">\n\t\t\t<\/div>\n\n\t<div class=\"content-wrap\">\n\n\t\t<div class=\"content-center with-full\">\n\t\t\t<div class=\"wrap\">\n\t\t\t\t<h3>Entregas de 24 horas<\/h3>\n\t\t\t\t\t\t\t<\/div>\n\t\t<\/div>\n\t\t\n\t\t\t<\/div>\n\t\t\n\t\t<p class=\"description content-full\">\n\t\t\tPara Portugal Continental\t\t<\/p>\n\n\t\t\n\t\t\n<\/div>[vc_empty_space height=&#8221;20px&#8221;][\/vc_column_inner][vc_column_inner width=&#8221;1\/4&#8243;]<div class=\"norebro-icon-box-sc icon-box text-center\" \n\tid=\"norebro-custom-69e733c51b935\" \n\t \n\t>\n\n\t<div class=\"icon-wrap\">\n\t\t\t\t\t<img decoding=\"async\" src=\"https:\/\/escorpiaointeriores.com\/wp-content\/uploads\/2018\/04\/escorpiaointeriores-pagamentos.png\" alt=\"M\u00e9todos de Pago\">\n\t\t\t<\/div>\n\n\t<div class=\"content-wrap\">\n\n\t\t<div class=\"content-center with-full\">\n\t\t\t<div class=\"wrap\">\n\t\t\t\t<h3>M\u00e9todos de Pago<\/h3>\n\t\t\t\t\t\t\t<\/div>\n\t\t<\/div>\n\t\t\n\t\t\t<\/div>\n\t\t\n\t\t<p class=\"description content-full\">\n\t\t\tTransferencia bancaria y Referencias Multibanco\t\t<\/p>\n\n\t\t\n\t\t\n<\/div>[vc_empty_space height=&#8221;20px&#8221;][\/vc_column_inner][vc_column_inner width=&#8221;1\/4&#8243;]<div class=\"norebro-icon-box-sc icon-box text-center\" \n\tid=\"norebro-custom-69e733c51bb7b\" \n\t \n\t>\n\n\t<div class=\"icon-wrap\">\n\t\t\t\t\t<img decoding=\"async\" src=\"https:\/\/escorpiaointeriores.com\/wp-content\/uploads\/2018\/04\/escorpiaointeriores-portes-gratis.png\" alt=\"Gastos de envio gratuitos\">\n\t\t\t<\/div>\n\n\t<div class=\"content-wrap\">\n\n\t\t<div class=\"content-center with-full\">\n\t\t\t<div class=\"wrap\">\n\t\t\t\t<h3>Gastos de envio gratuitos<\/h3>\n\t\t\t\t\t\t\t<\/div>\n\t\t<\/div>\n\t\t\n\t\t\t<\/div>\n\t\t\n\t\t<p class=\"description content-full\">\n\t\t\tZona del Porto y Minho, en las compras superiores a 500\u20ac.\t\t<\/p>\n\n\t\t\n\t\t\n<\/div>[vc_empty_space height=&#8221;20px&#8221;][\/vc_column_inner][vc_column_inner width=&#8221;1\/4&#8243;]<div class=\"norebro-icon-box-sc icon-box text-center\" \n\tid=\"norebro-custom-69e733c51bd92\" \n\t \n\t>\n\n\t<div class=\"icon-wrap\">\n\t\t\t\t\t<img decoding=\"async\" src=\"https:\/\/escorpiaointeriores.com\/wp-content\/uploads\/2018\/04\/escorpiaointeriores-servico-personalisado.png\" alt=\"Servicio al cliente\">\n\t\t\t<\/div>\n\n\t<div class=\"content-wrap\">\n\n\t\t<div class=\"content-center with-full\">\n\t\t\t<div class=\"wrap\">\n\t\t\t\t<h3>Servicio al cliente<\/h3>\n\t\t\t\t\t\t\t<\/div>\n\t\t<\/div>\n\t\t\n\t\t\t<\/div>\n\t\t\n\t\t<p class=\"description content-full\">\n\t\t\tAtenci\u00f3n personalizada, y servicio de decoraci\u00f3n a domicilio sin costes.\t\t<\/p>\n\n\t\t\n\t\t\n<\/div>[vc_empty_space height=&#8221;20px&#8221;][\/vc_column_inner][\/vc_row_inner][vc_empty_space height=&#8221;30px&#8221;][\/vc_column][\/vc_row]\n<\/div>","protected":false},"excerpt":{"rendered":"<p>[vc_row full_width=&#8221;stretch_row&#8221; css=&#8221;.vc_custom_1524753868565{background-color: #ffffff !important;}&#8221; side_background_title_typo=&#8221;weight~inherit&#8221;][vc_column el_class=&#8221;empty-space-100&#8243; offset=&#8221;vc_hidden-xs&#8221;][vc_empty_space height=&#8221;100px&#8221;][\/vc_column][\/vc_row][vc_row full_width=&#8221;stretch_row&#8221; content_placement=&#8221;middle&#8221; css=&#8221;.vc_custom_1524754192508{background-color: #ffffff !important;}&#8221;][vc_column&#8230;<\/p>\n","protected":false},"author":1,"featured_media":0,"parent":0,"menu_order":12,"comment_status":"closed","ping_status":"closed","template":"","meta":{"_acf_changed":false,"footnotes":""},"class_list":["post-5674333","page","type-page","status-publish","hentry"],"acf":[],"_links":{"self":[{"href":"https:\/\/escorpiaointeriores.com\/es\/wp-json\/wp\/v2\/pages\/5674333","targetHints":{"allow":["GET"]}}],"collection":[{"href":"https:\/\/escorpiaointeriores.com\/es\/wp-json\/wp\/v2\/pages"}],"about":[{"href":"https:\/\/escorpiaointeriores.com\/es\/wp-json\/wp\/v2\/types\/page"}],"author":[{"embeddable":true,"href":"https:\/\/escorpiaointeriores.com\/es\/wp-json\/wp\/v2\/users\/1"}],"replies":[{"embeddable":true,"href":"https:\/\/escorpiaointeriores.com\/es\/wp-json\/wp\/v2\/comments?post=5674333"}],"version-history":[{"count":6,"href":"https:\/\/escorpiaointeriores.com\/es\/wp-json\/wp\/v2\/pages\/5674333\/revisions"}],"predecessor-version":[{"id":5674339,"href":"https:\/\/escorpiaointeriores.com\/es\/wp-json\/wp\/v2\/pages\/5674333\/revisions\/5674339"}],"wp:attachment":[{"href":"https:\/\/escorpiaointeriores.com\/es\/wp-json\/wp\/v2\/media?parent=5674333"}],"curies":[{"name":"wp","href":"https:\/\/api.w.org\/{rel}","templated":true}]}}