{"id":5674347,"date":"2018-06-04T17:57:15","date_gmt":"2018-06-04T17:57:15","guid":{"rendered":"https:\/\/escorpiaointeriores.com\/politica-de-privacidad\/"},"modified":"2018-06-04T18:06:55","modified_gmt":"2018-06-04T18:06:55","slug":"politica-de-privacidad","status":"publish","type":"page","link":"https:\/\/escorpiaointeriores.com\/es\/politica-de-privacidad\/","title":{"rendered":"Pol\u00edtica de Privacidad"},"content":{"rendered":"<div class=\"wpb-content-wrapper\">[vc_row][vc_column][vc_row_inner][vc_column_inner][vc_empty_space height=&#8221;100px&#8221;][\/vc_column_inner][\/vc_row_inner][\/vc_column][\/vc_row][vc_row][vc_column][vc_column_text]\n<p class=\"p1\"><span class=\"s1\">En el cumplimiento de la legislaci\u00f3n sobre la protecci\u00f3n de datos personales, le informamos que el tratamiento de los datos personales recogidos en el sitio <b>escorpiaointeriores.com<\/b> es responsabilidad de <b>Escorpi\u00e3o, Lda.<\/b><\/span><\/p>\n<p class=\"p1\"><span class=\"s1\">Los datos recogidos en este sitio se destinan al procesamiento de los pedidos y comunicaci\u00f3n con los Clientes, procesamiento de solicitudes de informaci\u00f3n y de eventuales reclamaciones, an\u00e1lisis estad\u00edstico, as\u00ed como su utilizaci\u00f3n para fines de marketing directo.<\/span><\/p>\n<p class=\"p1\"><span class=\"s1\"><b>Escorpi\u00e3o, Lda<\/b> garantiza la confidencialidad de todos los datos proporcionados por sus clientes. No obstante a <b>Escorpi\u00e3o, Lda<\/b><span class=\"Apple-converted-space\">\u00a0 <\/span>proceder a la recogida y al tratamiento de datos de forma segura y que impide su p\u00e9rdida o manipulaci\u00f3n, utilizando las t\u00e9cnicas m\u00e1s perfeccionadas para ello, informamos que la recogida en red abierta permite la circulaci\u00f3n de los datos personales sin condiciones de seguridad, corre el riesgo de ser vistos y utilizados por terceros no autorizados.<\/span><\/p>\n<p>&nbsp;<\/p>\n<p class=\"p1\"><span class=\"s1\"><b>Uso de cookies <\/b><\/span><\/p>\n<p class=\"p1\"><span class=\"s1\">Este site utiliza cookies para permitirle tener la mejor experiencia como usuario. <\/span><\/p>\n<p class=\"p1\"><span class=\"s1\">Si contin\u00faa navegando est\u00e1 dando su consentimiento para la aceptaci\u00f3n de dichas cookies as\u00ed como de nuestra Pol\u00edtica de Cookies.<\/span><\/p>\n<p class=\"p3\"><span class=\"s1\"><b>\u00bf Qu\u00e9 son las cookies? <\/b><\/span><\/p>\n<p class=\"p3\"><span class=\"s1\">Las cookies son peque\u00f1os archivos de texto grabados en su equipo cuando accede a los sites. <\/span><\/p>\n<p class=\"p3\"><span class=\"s1\">Estas permiten el almacenamiento de un conjunto de informaci\u00f3n relacionada con el usuario, en que unas son usadas para reconocer al usuario en futuras visitas a nuestro site, y otras se utilizan para garantizar las funcionalidades disponibles y mejorar el rendimiento y la experiencia del usuario en el site.<\/span><\/p>\n<p class=\"p3\"><span class=\"s1\">El tipo de informaci\u00f3n que se puede analizar utilizando cookies es la siguiente: nombre de usuario, direcci\u00f3n de correo electr\u00f3nico y contrase\u00f1a, la direcci\u00f3n de protocolo de Internet (IP) que se utiliza para conectarse a Internet, el tipo y la versi\u00f3n de navegador, el sistema operativo y la plataforma utilizada para la conexi\u00f3n, las direcciones web (URLs) desde los cuales o a trav\u00e9s de los cuales ha accedido y dejado nuestros servicios online, y la fecha y la hora de dicha actividad, entre otros. <\/span><\/p>\n<p class=\"p3\"><span class=\"s1\">Las cookies de los sites se pueden, desactivar o administrar, en cualquier momento. Para saber c\u00f3mo hacerlo basta acceder al \u00e1rea de ayuda de tu navegador.<\/span><\/p>\n<p class=\"p3\"><span class=\"s1\">Atenci\u00f3n: es importante darse cuenta de que algunas \u00e1reas del site pueden no funcionar correctamente despu\u00e9s de desactivar las cookies. <\/span><\/p>\n<p class=\"p3\"><span class=\"s1\"><b>\u00bf Finalidad de las cookies? <\/b><\/span><\/p>\n<p class=\"p3\"><span class=\"s1\">El uso de cookies otimiza la navegaci\u00f3n del usuario, permitiendo que los datos almacenados mejoren su experiencia en el site, aumentando tambi\u00e9n la eficiencia de respuesta de la direcci\u00f3n web. <\/span><\/p>\n<p class=\"p3\"><span class=\"s1\">As\u00ed, permiten eliminar algunas acciones repetitivas en el site,<\/span> <span class=\"s1\">as\u00ed como auxiliar en la presentaci\u00f3n de informaci\u00f3n, para ir, lo m\u00e1s posible a sus intereses. <\/span><\/p>\n<p class=\"p3\"><span class=\"s1\"><b>Tipos de cookies utilizadas <\/b><\/span><\/p>\n<p class=\"p3\"><span class=\"s1\">Las cookies se segmentan de acuerdo con su prop\u00f3sito y la fecha de caducidad.<\/span><\/p>\n<p class=\"p3\"><span class=\"s1\">Las cookies esenciales son elementos fundamentales de acceso a determinadas \u00e1reas del site, tales como el acceso a \u00e1reas seguras del site a trav\u00e9s de login y Password. Desactivando las cookies, los mismos servicios pueden no ser consultados. <\/span><\/p>\n<p class=\"p3\"><span class=\"s1\">Las cookies de funcionalidad memorizan las preferencias de navegaci\u00f3n del usuario.<\/span><\/p>\n<p class=\"p3\"><span class=\"s1\">Las cookies anal\u00edticas permiten la memorizaci\u00f3n de la forma c\u00f3mo se navega en cierto site, con la finalidad de presentaci\u00f3n de productos o servicios que van al encuentro del usuario, a trav\u00e9s de la monitorizaci\u00f3n del site. Son ejemplos las que guardan las p\u00e1ginas m\u00e1s visitadas, el tiempo en cada p\u00e1gina, productos o servicios buscados, etc. Estas cookies almacenan informaci\u00f3n de contenido estad\u00edstico.<\/span><\/p>\n<p class=\"p3\"><span class=\"s1\"><b>Expresi\u00f3n de Consentimiento de uso de cookies <\/b><\/span><\/p>\n<p class=\"p3\"><span class=\"s1\">El usuario al acceder a nuestro site da su consentimiento para el uso de cookies a trav\u00e9s de un bot\u00f3n OK en el banner que aparece cuando el usuario visita por primera vez nuestro site. <\/span><\/p>\n[\/vc_column_text][vc_row_inner][vc_column_inner][vc_empty_space height=&#8221;100px&#8221;][\/vc_column_inner][\/vc_row_inner][\/vc_column][\/vc_row][vc_row full_width=&#8221;stretch_row&#8221; side_background_title_alignment=&#8221;right&#8221; css=&#8221;.vc_custom_1524757083121{background-color: #f7f7f7 !important;}&#8221; side_background_title_typo=&#8221;font_size~80||letter_spacing~-1||weight~600&#8243; side_background_title_color=&#8221;#f7f7f7&#8243;][vc_column][vc_empty_space height=&#8221;60px&#8221;][vc_row_inner][vc_column_inner width=&#8221;1\/4&#8243;]<div class=\"norebro-icon-box-sc icon-box text-center\" \n\tid=\"norebro-custom-69e748e68b060\" \n\t \n\t>\n\n\t<div class=\"icon-wrap\">\n\t\t\t\t\t<img decoding=\"async\" src=\"https:\/\/escorpiaointeriores.com\/wp-content\/uploads\/2018\/04\/escorpiaointeriores-entregas-24-horas.png\" alt=\"Entregas de 24 horas\">\n\t\t\t<\/div>\n\n\t<div class=\"content-wrap\">\n\n\t\t<div class=\"content-center with-full\">\n\t\t\t<div class=\"wrap\">\n\t\t\t\t<h3>Entregas de 24 horas<\/h3>\n\t\t\t\t\t\t\t<\/div>\n\t\t<\/div>\n\t\t\n\t\t\t<\/div>\n\t\t\n\t\t<p class=\"description content-full\">\n\t\t\tPara Portugal Continental\t\t<\/p>\n\n\t\t\n\t\t\n<\/div>[vc_empty_space height=&#8221;20px&#8221;][\/vc_column_inner][vc_column_inner width=&#8221;1\/4&#8243;]<div class=\"norebro-icon-box-sc icon-box text-center\" \n\tid=\"norebro-custom-69e748e68b593\" \n\t \n\t>\n\n\t<div class=\"icon-wrap\">\n\t\t\t\t\t<img decoding=\"async\" src=\"https:\/\/escorpiaointeriores.com\/wp-content\/uploads\/2018\/04\/escorpiaointeriores-pagamentos.png\" alt=\"M\u00e9todos de Pago\">\n\t\t\t<\/div>\n\n\t<div class=\"content-wrap\">\n\n\t\t<div class=\"content-center with-full\">\n\t\t\t<div class=\"wrap\">\n\t\t\t\t<h3>M\u00e9todos de Pago<\/h3>\n\t\t\t\t\t\t\t<\/div>\n\t\t<\/div>\n\t\t\n\t\t\t<\/div>\n\t\t\n\t\t<p class=\"description content-full\">\n\t\t\tTransferencia bancaria y Referencias Multibanco\t\t<\/p>\n\n\t\t\n\t\t\n<\/div>[vc_empty_space height=&#8221;20px&#8221;][\/vc_column_inner][vc_column_inner width=&#8221;1\/4&#8243;]<div class=\"norebro-icon-box-sc icon-box text-center\" \n\tid=\"norebro-custom-69e748e68b8da\" \n\t \n\t>\n\n\t<div class=\"icon-wrap\">\n\t\t\t\t\t<img decoding=\"async\" src=\"https:\/\/escorpiaointeriores.com\/wp-content\/uploads\/2018\/04\/escorpiaointeriores-portes-gratis.png\" alt=\"Gastos de envio gratuitos\">\n\t\t\t<\/div>\n\n\t<div class=\"content-wrap\">\n\n\t\t<div class=\"content-center with-full\">\n\t\t\t<div class=\"wrap\">\n\t\t\t\t<h3>Gastos de envio gratuitos<\/h3>\n\t\t\t\t\t\t\t<\/div>\n\t\t<\/div>\n\t\t\n\t\t\t<\/div>\n\t\t\n\t\t<p class=\"description content-full\">\n\t\t\tZona del Porto y Minho, en las compras superiores a 500\u20ac.\t\t<\/p>\n\n\t\t\n\t\t\n<\/div>[vc_empty_space height=&#8221;20px&#8221;][\/vc_column_inner][vc_column_inner width=&#8221;1\/4&#8243;]<div class=\"norebro-icon-box-sc icon-box text-center\" \n\tid=\"norebro-custom-69e748e68bbfd\" \n\t \n\t>\n\n\t<div class=\"icon-wrap\">\n\t\t\t\t\t<img decoding=\"async\" src=\"https:\/\/escorpiaointeriores.com\/wp-content\/uploads\/2018\/04\/escorpiaointeriores-servico-personalisado.png\" alt=\"Servicio al cliente\">\n\t\t\t<\/div>\n\n\t<div class=\"content-wrap\">\n\n\t\t<div class=\"content-center with-full\">\n\t\t\t<div class=\"wrap\">\n\t\t\t\t<h3>Servicio al cliente<\/h3>\n\t\t\t\t\t\t\t<\/div>\n\t\t<\/div>\n\t\t\n\t\t\t<\/div>\n\t\t\n\t\t<p class=\"description content-full\">\n\t\t\tAtenci\u00f3n personalizada, y servicio de decoraci\u00f3n a domicilio sin costes.\t\t<\/p>\n\n\t\t\n\t\t\n<\/div>[vc_empty_space height=&#8221;20px&#8221;][\/vc_column_inner][\/vc_row_inner][vc_empty_space height=&#8221;30px&#8221;][\/vc_column][\/vc_row]\n<\/div>","protected":false},"excerpt":{"rendered":"<p>[vc_row][vc_column][vc_row_inner][vc_column_inner][vc_empty_space height=&#8221;100px&#8221;][\/vc_column_inner][\/vc_row_inner][\/vc_column][\/vc_row][vc_row][vc_column][vc_column_text] En el cumplimiento de la legislaci\u00f3n sobre la protecci\u00f3n de datos personales,&#8230;<\/p>\n","protected":false},"author":1,"featured_media":0,"parent":0,"menu_order":21,"comment_status":"closed","ping_status":"closed","template":"","meta":{"_acf_changed":false,"footnotes":""},"class_list":["post-5674347","page","type-page","status-publish","hentry"],"acf":[],"_links":{"self":[{"href":"https:\/\/escorpiaointeriores.com\/es\/wp-json\/wp\/v2\/pages\/5674347","targetHints":{"allow":["GET"]}}],"collection":[{"href":"https:\/\/escorpiaointeriores.com\/es\/wp-json\/wp\/v2\/pages"}],"about":[{"href":"https:\/\/escorpiaointeriores.com\/es\/wp-json\/wp\/v2\/types\/page"}],"author":[{"embeddable":true,"href":"https:\/\/escorpiaointeriores.com\/es\/wp-json\/wp\/v2\/users\/1"}],"replies":[{"embeddable":true,"href":"https:\/\/escorpiaointeriores.com\/es\/wp-json\/wp\/v2\/comments?post=5674347"}],"version-history":[{"count":3,"href":"https:\/\/escorpiaointeriores.com\/es\/wp-json\/wp\/v2\/pages\/5674347\/revisions"}],"predecessor-version":[{"id":5674350,"href":"https:\/\/escorpiaointeriores.com\/es\/wp-json\/wp\/v2\/pages\/5674347\/revisions\/5674350"}],"wp:attachment":[{"href":"https:\/\/escorpiaointeriores.com\/es\/wp-json\/wp\/v2\/media?parent=5674347"}],"curies":[{"name":"wp","href":"https:\/\/api.w.org\/{rel}","templated":true}]}}