{"id":5674353,"date":"2018-04-26T18:51:22","date_gmt":"2018-04-26T18:51:22","guid":{"rendered":"https:\/\/escorpiaointeriores.com\/?page_id=5674353"},"modified":"2018-06-04T18:29:52","modified_gmt":"2018-06-04T18:29:52","slug":"resolucion-alternativa-de-litigios","status":"publish","type":"page","link":"https:\/\/escorpiaointeriores.com\/es\/resolucion-alternativa-de-litigios\/","title":{"rendered":"Resoluci\u00f3n alternativa de litigios"},"content":{"rendered":"<div class=\"wpb-content-wrapper\">[vc_row][vc_column][vc_row_inner][vc_column_inner][vc_empty_space height=&#8221;100px&#8221;][\/vc_column_inner][\/vc_row_inner][\/vc_column][\/vc_row][vc_row][vc_column][vc_column_text]\n<p class=\"p1\"><span class=\"s1\">En caso de litigio, el consumidor podr\u00e1 recurrir a una Entidad de Resoluci\u00f3n alternativa de litigios de consumo. <\/span><\/p>\n<p class=\"p1\"><span class=\"s1\">Lista de las Entidades de Resoluci\u00f3n Alternativa de Litigios de Consumo <\/span><\/p>\n<p class=\"p1\"><span class=\"s1\">(en virtude de la ley n\u00ba 144\/2015, de 8 de setiembre)<\/span><\/p>\n<p>&nbsp;<\/p>\n<p class=\"p1\"><strong><span class=\"s1\">Centros de Arbitraje de Competencia General <\/span><\/strong><\/p>\n<p class=\"p1\"><span class=\"s1\">Centro Nacional de Informa\u00e7\u00e3o e Arbitragem de Conflitos de Consumo<\/span><\/p>\n<p class=\"p1\"><span class=\"s1\">Actuaci\u00f3n en todo el territorio portugu\u00e9s, en las zonas no reguladas por otro centro de arbitraje de competencia regional.<\/span><\/p>\n<p>&nbsp;<\/p>\n<p class=\"p1\"><span class=\"s1\"><b>Contactos CNIACC \u2013 Centro Nacional de Informa\u00e7\u00e3o e Arbitragem de Conflitos de Consumo <\/b><\/span><\/p>\n<p class=\"p1\"><span class=\"s1\">Faculdade de Direito da Universidade Nova de Lisboa <\/span><\/p>\n<p class=\"p1\"><span class=\"s1\">Campus de Campolide<br \/>\n1099-032 Lisboa<br \/>\nTel.: 213 847 484<br \/>\nE-mail: <a href=\"mailto:cniacc@fd.unl.pt\">cniacc@fd.unl.pt<\/a><br \/>\nWeb:\u00a0<a href=\"http:\/\/www.cniacc.pt\/pt\/\">www.cniacc.pt\/pt\/<\/a><\/span><\/p>\n<p>&nbsp;<\/p>\n<p class=\"p1\"><span class=\"s1\"><b>Centro de Informa\u00e7\u00e3o, Medi\u00e7\u00e3o e arbitragem de Conflitos de Consumo do Algarve<\/b><\/span><\/p>\n<p class=\"p1\"><span class=\"s1\">\u00c1rea geogr\u00e1fica cubierta: Contratos celebrados en el Distrito de Faro.<\/span><\/p>\n<p class=\"p1\"><span class=\"s1\">Contactos CIMAAL \u2013 Centro de Informa\u00e7\u00e3o, Media\u00e7\u00e3o e Arbitragem de Conflitos de Consumo do Algarve<br \/>\nDirecci\u00f3n postal: Edif\u00edcio Ninho de Empresas, Estrada da Penha, 8005-131 Faro<br \/>\nTel.: 289 823 135<br \/>\nE-mail: <a href=\"mailto:apoio@consumidoronline.pt\">apoio@consumidoronline.pt<\/a>; <a href=\"mailto:cimaal@mail.telepac.pt\">cimaal@mail.telepac.pt<\/a><br \/>\nWeb: <a href=\"http:\/\/www.consumidoronline.pt\"><span class=\"s2\">www.consumidoronline.pt<\/span><\/a><\/span><\/p>\n<p>&nbsp;<\/p>\n<p class=\"p1\"><span class=\"s1\"><b>Centro de Arbitragem de Conflitos de Consumo do Distrito de Coimbra<\/b><\/span><\/p>\n<p class=\"p1\"><span class=\"s1\">\u00c1rea geogr\u00e1fica cubierta: Contratos celebrados en municipios de Arganil, Cantanhede, Coimbra, Condeixa-a-Nova, Figueira da Foz, G\u00f3is, Lous\u00e3, Mira, Miranda do Corvo, Montemor-o-Velho, Oliveira do Hospital, Penacova, Penela, Soure, T\u00e1bua y Vila Nova de Poiares.<br \/>\n<\/span><\/p>\n<p class=\"p1\"><span class=\"s1\">Direcci\u00f3n postal: Av. Fern\u00e3o Magalh\u00e3es, n.\u00ba 240, 1\u00ba \u2013 3000-172 COIMBRA<br \/>\nTel.: 239 821 690<br \/>\nE-mail: <a href=\"mailto:geral@centrodearbitragemdecoimbra.com\">geral@centrodearbitragemdecoimbra.com<\/a><br \/>\nWeb: <a href=\"http:\/\/www.centrodearbitragemdecoimbra.com\"><span class=\"s2\">www.centrodearbitragemdecoimbra.com<\/span><\/a><\/span><\/p>\n<p>&nbsp;<\/p>\n<p class=\"p1\"><span class=\"s1\"><b>Centro de Arbitragem de Conflitos de Consumo de Lisboa<\/b><\/span><\/p>\n<p class=\"p1\"><span class=\"s1\">\u00c1rea geogr\u00e1fica de alcance: Contratos celebrados en la \u00c1rea Metropolitana de Lisboa, Alcochete, Almada, Amadora, Azambuja, Barreiro, Cascais, Lisboa, Loures, Mafra, Moita, Montijo, Odivelas, Oeiras, Palmela, Seixal, Sesimbra, Set\u00fabal, Sintra y Vila Franca de Xira.<br \/>\nContactos:<\/span><\/p>\n<p class=\"p1\"><span class=\"s1\">Direcci\u00f3n postal:<\/span> <span class=\"s1\">Rua dos Douradores, 116, 2\u00ba \u2013 1100-207 LISBOA<br \/>\nTel: 218 807 030<br \/>\nE-mail: <a href=\"mailto:juridico@centroarbitragemlisboa.pt\">juridico@centroarbitragemlisboa.pt<\/a> \/ <a href=\"mailto:director@centroarbitragemlisboa.pt\">director@centroarbitragemlisboa.pt<\/a><br \/>\nWeb: <a href=\"http:\/\/www.centroarbitragemlisboa.pt\"><span class=\"s2\">www.centroarbitragemlisboa.pt<\/span><\/a><\/span><\/p>\n<p>&nbsp;<\/p>\n<p class=\"p4\"><span class=\"s1\"><b>Centro de Informa\u00e7\u00e3o de Consumo e Arbitragem do Porto<\/b><\/span><\/p>\n<p class=\"p1\"><span class=\"s1\">\u00c1rea geogr\u00e1fica de alcance: Contratos celebrados en la \u00c1rea Metropolitana do Porto, Arouca, Espinho, Gondomar, Maia, Matosinhos, Oliveira de Azem\u00e9is, Porto, P\u00f3voa de Varzim, Santa Maria da Feira, Santo Tirso, S\u00e3o Jo\u00e3o da Madeira, Trofa, Vale de Cambra, Valongo, Vila do Conde y Vila Nova de Gaia.<br \/>\n<\/span><\/p>\n<p class=\"p1\"><span class=\"s1\">Direcci\u00f3n postal: Rua Dami\u00e3o de G\u00f3is, 31 \u2013 Loja 6 \u2013 4050-225 Porto<br \/>\nTel.: 225 508 349<br \/>\nE-mail: <a href=\"mailto:cicap@mail.telepac.pt\">cicap@mail.telepac.pt<\/a><br \/>\nweb: <a href=\"http:\/\/www.cicap.pt\"><span class=\"s2\">www.cicap.pt<\/span><\/a><\/span><\/p>\n<p>&nbsp;<\/p>\n<p class=\"p4\"><span class=\"s1\"><b>Centro de Informa\u00e7\u00e3o, Media\u00e7\u00e3o e Arbitragem de Consumo (Tribunal Arbitral de consumo)<\/b><\/span><\/p>\n<p class=\"p1\"><span class=\"s1\">\u00c1rea geogr\u00e1fica de alcance: Contratos celebrados en los municipios de Amares, Arcos de Valdevez, Barcelos, Braga, Caminha, Esposende, Melga\u00e7o, Mon\u00e7\u00e3o, Montalegre, Paredes de Coura, Ponte da Barca, P\u00f3voa do Lanhoso, Terras do Bouro, Valen\u00e7a, Viana do Castelo, Vila Nova de Cerveira, Vieira do Minho, Vila Verde.<br \/>\nBraga:<br \/>\nDirecci\u00f3n postal: Rua D Afonso Henriques, n\u00ba 1 (Ed Junta de Freguesia da S\u00e9) 4700 \u2013 030 Braga<br \/>\nTel: 253 617 604<br \/>\nE-mail: <a href=\"mailto:geral@ciab.pt\"><span class=\"s2\">geral@ciab.pt<\/span><\/a><\/span><\/p>\n<p class=\"p1\"><span class=\"s1\"><br \/>\nViana do Castelo<br \/>\nDirecci\u00f3n postal: Av Rocha Paris, n\u00ba 103 (Edif\u00edcio Vila Rosa) 4900 \u2013 394 Viana do Castelo<br \/>\nTel: 258 809 335<br \/>\nE-mail: <a href=\"mailto:ciab.viana@cm-viana-castelo.pt\">ciab.viana@cm-viana-castelo.pt<\/a><br \/>\nWeb: <a href=\"http:\/\/www.ciab.pt\"><span class=\"s2\">www.ciab.pt<\/span><\/a><\/span><\/p>\n<p>&nbsp;<\/p>\n<p class=\"p4\"><span class=\"s1\"><b>Centro de Arbitragem de Conflitos de Consumo da Madeira<\/b><\/span><\/p>\n<p class=\"p1\"><span class=\"s1\">\u00c1rea geogr\u00e1fica de alcance: Contratos celebrados en la Regi\u00f3n Aut\u00f3noma de Madeira. <\/span><\/p>\n<p class=\"p1\"><span class=\"s1\">Direcci\u00f3n postal: Rua Direita n\u00ba. 27 \u2013 1\u00ba andar \u2013 9050-405 Funchal<br \/>\nTel.: 291 215 070<br \/>\nE-mail: <a href=\"mailto:centroarbitragem.srias@madeira.gov.pt\">centroarbitragem.srias@madeira.gov.pt<\/a><br \/>\nWeb: <a href=\"http:\/\/www.srrh.gov-madeira.pt\/In%25C3%25ADcio\/tabid\/292\/Default.aspx\"><span class=\"s2\">www.srrh.gov-madeira.pt\/In%C3%ADcio\/tabid\/292\/Default.aspx<\/span><\/a><\/span><\/p>\n<p>&nbsp;<\/p>\n<p class=\"p1\"><span class=\"s1\"><b>Centro de Arbitragem de Conflitos de Consumo do Vale do Ave \/ Tribunal Arbitral<\/b><\/span><\/p>\n<p class=\"p1\"><span class=\"s1\">\u00c1rea geogr\u00e1fica de alcance: Contratos celebrados en los municipios de Cabeceiras de Basto, Fafe, Felgueiras, Guimar\u00e3es, P\u00f3voa de Lanhoso, P\u00f3voa de Varzim, Santo Tirso, Trofa, Vila do Conde, Vila Nova de Famalic\u00e3o, Vizela, Vieira do Minho y Vizela.<\/span><\/p>\n<p class=\"p1\"><span class=\"s1\">Direcci\u00f3n postal: Rua Capit\u00e3o Alfredo Guimar\u00e3es, n.\u00ba 1, 4800-019, Guimar\u00e3es<br \/>\nTel.: 253 422 410<br \/>\nE-mail: <a href=\"mailto:triave@gmail.com\">triave@gmail.com<\/a><br \/>\nWeb: <a href=\"http:\/\/www.triave.pt\"><span class=\"s2\">www.triave.pt<\/span><\/a><\/span><\/p>\n<p class=\"p1\"><span class=\"s1\">M\u00e1s informaci\u00f3n en Portal do Consumidor <a href=\"http:\/\/www.consumidor.pt\/\"><span class=\"s2\"><b>www.consumidor.pt\u00a0<\/b><\/span><\/a><\/span><\/p>\n[\/vc_column_text][vc_row_inner][vc_column_inner][vc_empty_space height=&#8221;100px&#8221;][\/vc_column_inner][\/vc_row_inner][\/vc_column][\/vc_row][vc_row full_width=&#8221;stretch_row&#8221; side_background_title_alignment=&#8221;right&#8221; css=&#8221;.vc_custom_1524757083121{background-color: #f7f7f7 !important;}&#8221; side_background_title_typo=&#8221;font_size~80||letter_spacing~-1||weight~600&#8243; side_background_title_color=&#8221;#f7f7f7&#8243;][vc_column][vc_empty_space height=&#8221;60px&#8221;][vc_row_inner][vc_column_inner width=&#8221;1\/4&#8243;]<div class=\"norebro-icon-box-sc icon-box text-center\" \n\tid=\"norebro-custom-69d1f29cd5913\" \n\t \n\t>\n\n\t<div class=\"icon-wrap\">\n\t\t\t\t\t<img decoding=\"async\" src=\"https:\/\/escorpiaointeriores.com\/wp-content\/uploads\/2018\/04\/escorpiaointeriores-entregas-24-horas.png\" alt=\"Entregas de 24 horas\">\n\t\t\t<\/div>\n\n\t<div class=\"content-wrap\">\n\n\t\t<div class=\"content-center with-full\">\n\t\t\t<div class=\"wrap\">\n\t\t\t\t<h3>Entregas de 24 horas<\/h3>\n\t\t\t\t\t\t\t<\/div>\n\t\t<\/div>\n\t\t\n\t\t\t<\/div>\n\t\t\n\t\t<p class=\"description content-full\">\n\t\t\tPara Portugal Continental\t\t<\/p>\n\n\t\t\n\t\t\n<\/div>[vc_empty_space height=&#8221;20px&#8221;][\/vc_column_inner][vc_column_inner width=&#8221;1\/4&#8243;]<div class=\"norebro-icon-box-sc icon-box text-center\" \n\tid=\"norebro-custom-69d1f29cd5ecf\" \n\t \n\t>\n\n\t<div class=\"icon-wrap\">\n\t\t\t\t\t<img decoding=\"async\" src=\"https:\/\/escorpiaointeriores.com\/wp-content\/uploads\/2018\/04\/escorpiaointeriores-pagamentos.png\" alt=\"M\u00e9todos de Pago\">\n\t\t\t<\/div>\n\n\t<div class=\"content-wrap\">\n\n\t\t<div class=\"content-center with-full\">\n\t\t\t<div class=\"wrap\">\n\t\t\t\t<h3>M\u00e9todos de Pago<\/h3>\n\t\t\t\t\t\t\t<\/div>\n\t\t<\/div>\n\t\t\n\t\t\t<\/div>\n\t\t\n\t\t<p class=\"description content-full\">\n\t\t\tTransferencia bancaria y Referencias Multibanco\t\t<\/p>\n\n\t\t\n\t\t\n<\/div>[vc_empty_space height=&#8221;20px&#8221;][\/vc_column_inner][vc_column_inner width=&#8221;1\/4&#8243;]<div class=\"norebro-icon-box-sc icon-box text-center\" \n\tid=\"norebro-custom-69d1f29cd622b\" \n\t \n\t>\n\n\t<div class=\"icon-wrap\">\n\t\t\t\t\t<img decoding=\"async\" src=\"https:\/\/escorpiaointeriores.com\/wp-content\/uploads\/2018\/04\/escorpiaointeriores-portes-gratis.png\" alt=\"Gastos de envio gratuitos\">\n\t\t\t<\/div>\n\n\t<div class=\"content-wrap\">\n\n\t\t<div class=\"content-center with-full\">\n\t\t\t<div class=\"wrap\">\n\t\t\t\t<h3>Gastos de envio gratuitos<\/h3>\n\t\t\t\t\t\t\t<\/div>\n\t\t<\/div>\n\t\t\n\t\t\t<\/div>\n\t\t\n\t\t<p class=\"description content-full\">\n\t\t\tZona del Porto y Minho, en las compras superiores a 500\u20ac.\t\t<\/p>\n\n\t\t\n\t\t\n<\/div>[vc_empty_space height=&#8221;20px&#8221;][\/vc_column_inner][vc_column_inner width=&#8221;1\/4&#8243;]<div class=\"norebro-icon-box-sc icon-box text-center\" \n\tid=\"norebro-custom-69d1f29cd65c8\" \n\t \n\t>\n\n\t<div class=\"icon-wrap\">\n\t\t\t\t\t<img decoding=\"async\" src=\"https:\/\/escorpiaointeriores.com\/wp-content\/uploads\/2018\/04\/escorpiaointeriores-servico-personalisado.png\" alt=\"Servicio al cliente\">\n\t\t\t<\/div>\n\n\t<div class=\"content-wrap\">\n\n\t\t<div class=\"content-center with-full\">\n\t\t\t<div class=\"wrap\">\n\t\t\t\t<h3>Servicio al cliente<\/h3>\n\t\t\t\t\t\t\t<\/div>\n\t\t<\/div>\n\t\t\n\t\t\t<\/div>\n\t\t\n\t\t<p class=\"description content-full\">\n\t\t\tAtenci\u00f3n personalizada, y servicio de decoraci\u00f3n a domicilio sin costes.\t\t<\/p>\n\n\t\t\n\t\t\n<\/div>[vc_empty_space height=&#8221;20px&#8221;][\/vc_column_inner][\/vc_row_inner][vc_empty_space height=&#8221;30px&#8221;][\/vc_column][\/vc_row]\n<\/div>","protected":false},"excerpt":{"rendered":"<p>[vc_row][vc_column][vc_row_inner][vc_column_inner][vc_empty_space height=&#8221;100px&#8221;][\/vc_column_inner][\/vc_row_inner][\/vc_column][\/vc_row][vc_row][vc_column][vc_column_text] En caso de litigio, el consumidor podr\u00e1 recurrir a una Entidad de&#8230;<\/p>\n","protected":false},"author":1,"featured_media":0,"parent":0,"menu_order":17,"comment_status":"closed","ping_status":"closed","template":"","meta":{"_acf_changed":false,"footnotes":""},"class_list":["post-5674353","page","type-page","status-publish","hentry"],"acf":[],"_links":{"self":[{"href":"https:\/\/escorpiaointeriores.com\/es\/wp-json\/wp\/v2\/pages\/5674353","targetHints":{"allow":["GET"]}}],"collection":[{"href":"https:\/\/escorpiaointeriores.com\/es\/wp-json\/wp\/v2\/pages"}],"about":[{"href":"https:\/\/escorpiaointeriores.com\/es\/wp-json\/wp\/v2\/types\/page"}],"author":[{"embeddable":true,"href":"https:\/\/escorpiaointeriores.com\/es\/wp-json\/wp\/v2\/users\/1"}],"replies":[{"embeddable":true,"href":"https:\/\/escorpiaointeriores.com\/es\/wp-json\/wp\/v2\/comments?post=5674353"}],"version-history":[{"count":10,"href":"https:\/\/escorpiaointeriores.com\/es\/wp-json\/wp\/v2\/pages\/5674353\/revisions"}],"predecessor-version":[{"id":5674365,"href":"https:\/\/escorpiaointeriores.com\/es\/wp-json\/wp\/v2\/pages\/5674353\/revisions\/5674365"}],"wp:attachment":[{"href":"https:\/\/escorpiaointeriores.com\/es\/wp-json\/wp\/v2\/media?parent=5674353"}],"curies":[{"name":"wp","href":"https:\/\/api.w.org\/{rel}","templated":true}]}}