{"id":5680229,"date":"2024-01-03T22:32:28","date_gmt":"2024-01-03T22:32:28","guid":{"rendered":"https:\/\/escorpiaointeriores.com\/solicitud-de-presupuesto\/"},"modified":"2024-01-03T22:32:31","modified_gmt":"2024-01-03T22:32:31","slug":"solicitud-de-presupuesto","status":"publish","type":"page","link":"https:\/\/escorpiaointeriores.com\/es\/solicitud-de-presupuesto\/","title":{"rendered":"Solicitud de presupuesto"},"content":{"rendered":"\n<div class=\"woocommerce ywraq-wrapper ywraq-empty\">\n\t\t\t<div id=\"yith-ywraq-message\"><div class=\"ywraq-question-message\">\n\t<\/div>\n<\/div>\n\t\t\n\t\t\t\t<div class=\"ywraq-form-table-wrapper vertical\">\n\t\t\t<div class=\"ywraq-before-form\">\n\t<p class=\"ywraq_list_empty_message\">Tu lista est\u00e1 vac\u00eda, a\u00f1ade productos a la lista para enviar una solicitud<p><p class=\"return-to-shop\"><a class=\"button wc-backward\" href=\"https:\/\/escorpiaointeriores.com\/es\/tienda\/\">Voltar para a Loja<\/a><\/p><\/div>\n\t\t\t\t\t<\/div>\n\t<\/div>\n\n","protected":false},"excerpt":{"rendered":"Tu lista est\u00e1 vac\u00eda, a\u00f1ade productos a la lista para enviar una solicitudVoltar para...","protected":false},"author":55,"featured_media":0,"parent":0,"menu_order":3,"comment_status":"closed","ping_status":"closed","template":"","meta":{"_acf_changed":false,"footnotes":""},"class_list":["post-5680229","page","type-page","status-publish","hentry"],"acf":[],"_links":{"self":[{"href":"https:\/\/escorpiaointeriores.com\/es\/wp-json\/wp\/v2\/pages\/5680229","targetHints":{"allow":["GET"]}}],"collection":[{"href":"https:\/\/escorpiaointeriores.com\/es\/wp-json\/wp\/v2\/pages"}],"about":[{"href":"https:\/\/escorpiaointeriores.com\/es\/wp-json\/wp\/v2\/types\/page"}],"author":[{"embeddable":true,"href":"https:\/\/escorpiaointeriores.com\/es\/wp-json\/wp\/v2\/users\/55"}],"replies":[{"embeddable":true,"href":"https:\/\/escorpiaointeriores.com\/es\/wp-json\/wp\/v2\/comments?post=5680229"}],"version-history":[{"count":1,"href":"https:\/\/escorpiaointeriores.com\/es\/wp-json\/wp\/v2\/pages\/5680229\/revisions"}],"predecessor-version":[{"id":5680240,"href":"https:\/\/escorpiaointeriores.com\/es\/wp-json\/wp\/v2\/pages\/5680229\/revisions\/5680240"}],"wp:attachment":[{"href":"https:\/\/escorpiaointeriores.com\/es\/wp-json\/wp\/v2\/media?parent=5680229"}],"curies":[{"name":"wp","href":"https:\/\/api.w.org\/{rel}","templated":true}]}}